{"id":138,"date":"2023-09-27T09:23:32","date_gmt":"2023-09-27T09:23:32","guid":{"rendered":"https:\/\/ibis-izmir-alsancak.accorv2prod.decms.eu\/?page_id=138"},"modified":"2023-09-27T10:00:28","modified_gmt":"2023-09-27T10:00:28","slug":"toplanti","status":"publish","type":"page","link":"https:\/\/www.ibisizmir.com\/tr\/toplanti\/","title":{"rendered":"Toplant\u0131"},"content":{"rendered":"<p>56 m2 toplant\u0131 salonumuzda 55 ki\u015fiye kadar olan toplant\u0131lar\u0131n\u0131z\u0131 ger\u00e7ekle\u015ftirebilirsiniz. Modern donan\u0131mlar ile zengile\u015ftirilmi\u015f toplant\u0131 odam\u0131z i\u00e7in bizler ile ileti\u015fime ge\u00e7ebilirsiniz.<\/p>\n","protected":false},"excerpt":{"rendered":"<p>56 m2 toplant\u0131 salonumuzda 55 ki\u015fiye kadar olan toplant\u0131lar\u0131n\u0131z\u0131 ger\u00e7ekle\u015ftirebilirsiniz. Modern donan\u0131mlar ile zengile\u015ftirilmi\u015f toplant\u0131 odam\u0131z i\u00e7in bizler ile ileti\u015fime ge\u00e7ebilirsiniz.<\/p>\n","protected":false},"author":3,"featured_media":0,"parent":0,"menu_order":40,"comment_status":"closed","ping_status":"closed","template":"template-meetings.php","meta":{"footnotes":""},"categories":[],"class_list":["post-138","page","type-page","status-publish","hentry"],"acf":[],"yoast_head":"<!-- This site is optimized with the Yoast SEO plugin v26.9 - https:\/\/yoast.com\/product\/yoast-seo-wordpress\/ -->\n<title>Toplant\u0131 - Ibis Izmir Alsancak<\/title>\n<meta name=\"description\" content=\"Izmir&#039; in merkezin de yer alan Ibis Izmir Alsancak&#039; \u0131n toplant\u0131 salonunu bu sayfadan inceleyebilirsiniz.\" \/>\n<meta name=\"robots\" content=\"index, follow, max-snippet:-1, max-image-preview:large, max-video-preview:-1\" \/>\n<link rel=\"canonical\" href=\"https:\/\/www.ibisizmir.com\/tr\/toplanti\/\" \/>\n<meta property=\"og:locale\" content=\"tr_TR\" \/>\n<meta property=\"og:type\" content=\"article\" \/>\n<meta property=\"og:title\" content=\"Toplant\u0131 - Ibis Izmir Alsancak\" \/>\n<meta property=\"og:description\" content=\"Izmir&#039; in merkezin de yer alan Ibis Izmir Alsancak&#039; \u0131n toplant\u0131 salonunu bu sayfadan inceleyebilirsiniz.\" \/>\n<meta property=\"og:url\" content=\"https:\/\/www.ibisizmir.com\/tr\/toplanti\/\" \/>\n<meta property=\"og:site_name\" content=\"Ibis Izmir Alsancak\" \/>\n<meta property=\"article:modified_time\" content=\"2023-09-27T10:00:28+00:00\" \/>\n<meta property=\"og:image\" content=\"https:\/\/www.ibisizmir.com\/wp-content\/uploads\/sites\/61\/2023\/09\/ibis_izmir_home_slide02.jpg\" \/>\n\t<meta property=\"og:image:width\" content=\"2200\" \/>\n\t<meta property=\"og:image:height\" content=\"1200\" \/>\n\t<meta property=\"og:image:type\" content=\"image\/jpeg\" \/>\n<meta name=\"twitter:card\" content=\"summary_large_image\" \/>\n<meta name=\"twitter:label1\" content=\"Tahmini okuma s\u00fcresi\" \/>\n\t<meta name=\"twitter:data1\" content=\"1 dakika\" \/>\n<script type=\"application\/ld+json\" class=\"yoast-schema-graph\">{\"@context\":\"https:\/\/schema.org\",\"@graph\":[{\"@type\":\"WebPage\",\"@id\":\"https:\/\/www.ibisizmir.com\/tr\/toplanti\/\",\"url\":\"https:\/\/www.ibisizmir.com\/tr\/toplanti\/\",\"name\":\"Toplant\u0131 - Ibis Izmir Alsancak\",\"isPartOf\":{\"@id\":\"https:\/\/www.ibisizmir.com\/#website\"},\"datePublished\":\"2023-09-27T09:23:32+00:00\",\"dateModified\":\"2023-09-27T10:00:28+00:00\",\"description\":\"Izmir' in merkezin de yer alan Ibis Izmir Alsancak' \u0131n toplant\u0131 salonunu bu sayfadan inceleyebilirsiniz.\",\"breadcrumb\":{\"@id\":\"https:\/\/www.ibisizmir.com\/tr\/toplanti\/#breadcrumb\"},\"inLanguage\":\"tr\",\"potentialAction\":[{\"@type\":\"ReadAction\",\"target\":[\"https:\/\/www.ibisizmir.com\/tr\/toplanti\/\"]}]},{\"@type\":\"BreadcrumbList\",\"@id\":\"https:\/\/www.ibisizmir.com\/tr\/toplanti\/#breadcrumb\",\"itemListElement\":[{\"@type\":\"ListItem\",\"position\":1,\"name\":\"Home\",\"item\":\"https:\/\/www.ibisizmir.com\/tr\/\"},{\"@type\":\"ListItem\",\"position\":2,\"name\":\"Toplant\u0131\"}]},{\"@type\":\"WebSite\",\"@id\":\"https:\/\/www.ibisizmir.com\/#website\",\"url\":\"https:\/\/www.ibisizmir.com\/\",\"name\":\"Ibis Izmir Alsancak\",\"description\":\"\",\"potentialAction\":[{\"@type\":\"SearchAction\",\"target\":{\"@type\":\"EntryPoint\",\"urlTemplate\":\"https:\/\/www.ibisizmir.com\/?s={search_term_string}\"},\"query-input\":{\"@type\":\"PropertyValueSpecification\",\"valueRequired\":true,\"valueName\":\"search_term_string\"}}],\"inLanguage\":\"tr\"}]}<\/script>\n<!-- \/ Yoast SEO plugin. -->","yoast_head_json":{"title":"Toplant\u0131 - Ibis Izmir Alsancak","description":"Izmir' in merkezin de yer alan Ibis Izmir Alsancak' \u0131n toplant\u0131 salonunu bu sayfadan inceleyebilirsiniz.","robots":{"index":"index","follow":"follow","max-snippet":"max-snippet:-1","max-image-preview":"max-image-preview:large","max-video-preview":"max-video-preview:-1"},"canonical":"https:\/\/www.ibisizmir.com\/tr\/toplanti\/","og_locale":"tr_TR","og_type":"article","og_title":"Toplant\u0131 - Ibis Izmir Alsancak","og_description":"Izmir' in merkezin de yer alan Ibis Izmir Alsancak' \u0131n toplant\u0131 salonunu bu sayfadan inceleyebilirsiniz.","og_url":"https:\/\/www.ibisizmir.com\/tr\/toplanti\/","og_site_name":"Ibis Izmir Alsancak","article_modified_time":"2023-09-27T10:00:28+00:00","og_image":[{"width":2200,"height":1200,"url":"https:\/\/www.ibisizmir.com\/wp-content\/uploads\/sites\/61\/2023\/09\/ibis_izmir_home_slide02.jpg","type":"image\/jpeg"}],"twitter_card":"summary_large_image","twitter_misc":{"Tahmini okuma s\u00fcresi":"1 dakika"},"schema":{"@context":"https:\/\/schema.org","@graph":[{"@type":"WebPage","@id":"https:\/\/www.ibisizmir.com\/tr\/toplanti\/","url":"https:\/\/www.ibisizmir.com\/tr\/toplanti\/","name":"Toplant\u0131 - Ibis Izmir Alsancak","isPartOf":{"@id":"https:\/\/www.ibisizmir.com\/#website"},"datePublished":"2023-09-27T09:23:32+00:00","dateModified":"2023-09-27T10:00:28+00:00","description":"Izmir' in merkezin de yer alan Ibis Izmir Alsancak' \u0131n toplant\u0131 salonunu bu sayfadan inceleyebilirsiniz.","breadcrumb":{"@id":"https:\/\/www.ibisizmir.com\/tr\/toplanti\/#breadcrumb"},"inLanguage":"tr","potentialAction":[{"@type":"ReadAction","target":["https:\/\/www.ibisizmir.com\/tr\/toplanti\/"]}]},{"@type":"BreadcrumbList","@id":"https:\/\/www.ibisizmir.com\/tr\/toplanti\/#breadcrumb","itemListElement":[{"@type":"ListItem","position":1,"name":"Home","item":"https:\/\/www.ibisizmir.com\/tr\/"},{"@type":"ListItem","position":2,"name":"Toplant\u0131"}]},{"@type":"WebSite","@id":"https:\/\/www.ibisizmir.com\/#website","url":"https:\/\/www.ibisizmir.com\/","name":"Ibis Izmir Alsancak","description":"","potentialAction":[{"@type":"SearchAction","target":{"@type":"EntryPoint","urlTemplate":"https:\/\/www.ibisizmir.com\/?s={search_term_string}"},"query-input":{"@type":"PropertyValueSpecification","valueRequired":true,"valueName":"search_term_string"}}],"inLanguage":"tr"}]}},"_links":{"self":[{"href":"https:\/\/www.ibisizmir.com\/tr\/wp-json\/wp\/v2\/pages\/138","targetHints":{"allow":["GET"]}}],"collection":[{"href":"https:\/\/www.ibisizmir.com\/tr\/wp-json\/wp\/v2\/pages"}],"about":[{"href":"https:\/\/www.ibisizmir.com\/tr\/wp-json\/wp\/v2\/types\/page"}],"author":[{"embeddable":true,"href":"https:\/\/www.ibisizmir.com\/tr\/wp-json\/wp\/v2\/users\/3"}],"replies":[{"embeddable":true,"href":"https:\/\/www.ibisizmir.com\/tr\/wp-json\/wp\/v2\/comments?post=138"}],"version-history":[{"count":0,"href":"https:\/\/www.ibisizmir.com\/tr\/wp-json\/wp\/v2\/pages\/138\/revisions"}],"wp:attachment":[{"href":"https:\/\/www.ibisizmir.com\/tr\/wp-json\/wp\/v2\/media?parent=138"}],"wp:term":[{"taxonomy":"category","embeddable":true,"href":"https:\/\/www.ibisizmir.com\/tr\/wp-json\/wp\/v2\/categories?post=138"}],"curies":[{"name":"wp","href":"https:\/\/api.w.org\/{rel}","templated":true}]}}