{"id":34,"date":"2023-09-25T13:13:33","date_gmt":"2023-09-25T13:13:33","guid":{"rendered":"https:\/\/ibis-izmir-alsancak.accorv2prod.decms.eu\/?page_id=34"},"modified":"2023-09-25T13:46:30","modified_gmt":"2023-09-25T13:46:30","slug":"standart-2-ayri-yatakli-oda","status":"publish","type":"page","link":"https:\/\/www.ibisizmir.com\/tr\/odalar-suitler\/standart-2-ayri-yatakli-oda\/","title":{"rendered":"Standart, 2 ayr\u0131 yatakl\u0131 oda"},"content":{"rendered":"<p>Modern ve davetkar ibis odas\u0131 ihtiyac\u0131n\u0131z olan her \u015feye sahiptir: ebeveyn banyosu, yorganl\u0131 konforlu tek ki\u015filik iki yatak, \u00e7a\u011fda\u015f dekor, ah\u015fap zemin, d\u00fcz ekran TV ve \u00fccretsiz WiFi eri\u015fimi.<\/p>\n","protected":false},"excerpt":{"rendered":"<p>Modern ve davetkar ibis odas\u0131 ihtiyac\u0131n\u0131z olan her \u015feye sahiptir: ebeveyn banyosu, yorganl\u0131 konforlu tek ki\u015filik iki yatak, \u00e7a\u011fda\u015f dekor, ah\u015fap zemin, d\u00fcz ekran TV ve \u00fccretsiz WiFi eri\u015fimi.<\/p>\n","protected":false},"author":3,"featured_media":0,"parent":22,"menu_order":10,"comment_status":"closed","ping_status":"closed","template":"template-room.php","meta":{"footnotes":""},"categories":[],"class_list":["post-34","page","type-page","status-publish","hentry"],"acf":[],"yoast_head":"<!-- This site is optimized with the Yoast SEO plugin v26.9 - https:\/\/yoast.com\/product\/yoast-seo-wordpress\/ -->\n<title>Standart, 2 ayr\u0131 yatakl\u0131 oda - Ibis Izmir Alsancak<\/title>\n<meta name=\"description\" content=\"Ibis Izmir Alsancak Hotel in konforlu odalar\u0131nda en iyi fiyat garantisi ile konaklay\u0131n.\" \/>\n<meta name=\"robots\" content=\"index, follow, max-snippet:-1, max-image-preview:large, max-video-preview:-1\" \/>\n<link rel=\"canonical\" href=\"https:\/\/www.ibisizmir.com\/tr\/odalar-suitler\/standart-2-ayri-yatakli-oda\/\" \/>\n<meta property=\"og:locale\" content=\"tr_TR\" \/>\n<meta property=\"og:type\" content=\"article\" \/>\n<meta property=\"og:title\" content=\"Standart, 2 ayr\u0131 yatakl\u0131 oda - Ibis Izmir Alsancak\" \/>\n<meta property=\"og:description\" content=\"Ibis Izmir Alsancak Hotel in konforlu odalar\u0131nda en iyi fiyat garantisi ile konaklay\u0131n.\" \/>\n<meta property=\"og:url\" content=\"https:\/\/www.ibisizmir.com\/tr\/odalar-suitler\/standart-2-ayri-yatakli-oda\/\" \/>\n<meta property=\"og:site_name\" content=\"Ibis Izmir Alsancak\" \/>\n<meta property=\"article:modified_time\" content=\"2023-09-25T13:46:30+00:00\" \/>\n<meta property=\"og:image\" content=\"https:\/\/www.ibisizmir.com\/wp-content\/uploads\/sites\/61\/2023\/09\/ibis_izmir_home_slide02.jpg\" \/>\n\t<meta property=\"og:image:width\" content=\"2200\" \/>\n\t<meta property=\"og:image:height\" content=\"1200\" \/>\n\t<meta property=\"og:image:type\" content=\"image\/jpeg\" \/>\n<meta name=\"twitter:card\" content=\"summary_large_image\" \/>\n<meta name=\"twitter:label1\" content=\"Tahmini okuma s\u00fcresi\" \/>\n\t<meta name=\"twitter:data1\" content=\"1 dakika\" \/>\n<script type=\"application\/ld+json\" class=\"yoast-schema-graph\">{\"@context\":\"https:\/\/schema.org\",\"@graph\":[{\"@type\":\"WebPage\",\"@id\":\"https:\/\/www.ibisizmir.com\/tr\/odalar-suitler\/standart-2-ayri-yatakli-oda\/\",\"url\":\"https:\/\/www.ibisizmir.com\/tr\/odalar-suitler\/standart-2-ayri-yatakli-oda\/\",\"name\":\"Standart, 2 ayr\u0131 yatakl\u0131 oda - Ibis Izmir Alsancak\",\"isPartOf\":{\"@id\":\"https:\/\/www.ibisizmir.com\/#website\"},\"datePublished\":\"2023-09-25T13:13:33+00:00\",\"dateModified\":\"2023-09-25T13:46:30+00:00\",\"description\":\"Ibis Izmir Alsancak Hotel in konforlu odalar\u0131nda en iyi fiyat garantisi ile konaklay\u0131n.\",\"breadcrumb\":{\"@id\":\"https:\/\/www.ibisizmir.com\/tr\/odalar-suitler\/standart-2-ayri-yatakli-oda\/#breadcrumb\"},\"inLanguage\":\"tr\",\"potentialAction\":[{\"@type\":\"ReadAction\",\"target\":[\"https:\/\/www.ibisizmir.com\/tr\/odalar-suitler\/standart-2-ayri-yatakli-oda\/\"]}]},{\"@type\":\"BreadcrumbList\",\"@id\":\"https:\/\/www.ibisizmir.com\/tr\/odalar-suitler\/standart-2-ayri-yatakli-oda\/#breadcrumb\",\"itemListElement\":[{\"@type\":\"ListItem\",\"position\":1,\"name\":\"Home\",\"item\":\"https:\/\/www.ibisizmir.com\/tr\/\"},{\"@type\":\"ListItem\",\"position\":2,\"name\":\"Odalar &#038; Suitler\",\"item\":\"https:\/\/www.ibisizmir.com\/tr\/our-rooms\/\"},{\"@type\":\"ListItem\",\"position\":3,\"name\":\"Standart, 2 ayr\u0131 yatakl\u0131 oda\"}]},{\"@type\":\"WebSite\",\"@id\":\"https:\/\/www.ibisizmir.com\/#website\",\"url\":\"https:\/\/www.ibisizmir.com\/\",\"name\":\"Ibis Izmir Alsancak\",\"description\":\"\",\"potentialAction\":[{\"@type\":\"SearchAction\",\"target\":{\"@type\":\"EntryPoint\",\"urlTemplate\":\"https:\/\/www.ibisizmir.com\/?s={search_term_string}\"},\"query-input\":{\"@type\":\"PropertyValueSpecification\",\"valueRequired\":true,\"valueName\":\"search_term_string\"}}],\"inLanguage\":\"tr\"}]}<\/script>\n<!-- \/ Yoast SEO plugin. -->","yoast_head_json":{"title":"Standart, 2 ayr\u0131 yatakl\u0131 oda - Ibis Izmir Alsancak","description":"Ibis Izmir Alsancak Hotel in konforlu odalar\u0131nda en iyi fiyat garantisi ile konaklay\u0131n.","robots":{"index":"index","follow":"follow","max-snippet":"max-snippet:-1","max-image-preview":"max-image-preview:large","max-video-preview":"max-video-preview:-1"},"canonical":"https:\/\/www.ibisizmir.com\/tr\/odalar-suitler\/standart-2-ayri-yatakli-oda\/","og_locale":"tr_TR","og_type":"article","og_title":"Standart, 2 ayr\u0131 yatakl\u0131 oda - Ibis Izmir Alsancak","og_description":"Ibis Izmir Alsancak Hotel in konforlu odalar\u0131nda en iyi fiyat garantisi ile konaklay\u0131n.","og_url":"https:\/\/www.ibisizmir.com\/tr\/odalar-suitler\/standart-2-ayri-yatakli-oda\/","og_site_name":"Ibis Izmir Alsancak","article_modified_time":"2023-09-25T13:46:30+00:00","og_image":[{"width":2200,"height":1200,"url":"https:\/\/www.ibisizmir.com\/wp-content\/uploads\/sites\/61\/2023\/09\/ibis_izmir_home_slide02.jpg","type":"image\/jpeg"}],"twitter_card":"summary_large_image","twitter_misc":{"Tahmini okuma s\u00fcresi":"1 dakika"},"schema":{"@context":"https:\/\/schema.org","@graph":[{"@type":"WebPage","@id":"https:\/\/www.ibisizmir.com\/tr\/odalar-suitler\/standart-2-ayri-yatakli-oda\/","url":"https:\/\/www.ibisizmir.com\/tr\/odalar-suitler\/standart-2-ayri-yatakli-oda\/","name":"Standart, 2 ayr\u0131 yatakl\u0131 oda - Ibis Izmir Alsancak","isPartOf":{"@id":"https:\/\/www.ibisizmir.com\/#website"},"datePublished":"2023-09-25T13:13:33+00:00","dateModified":"2023-09-25T13:46:30+00:00","description":"Ibis Izmir Alsancak Hotel in konforlu odalar\u0131nda en iyi fiyat garantisi ile konaklay\u0131n.","breadcrumb":{"@id":"https:\/\/www.ibisizmir.com\/tr\/odalar-suitler\/standart-2-ayri-yatakli-oda\/#breadcrumb"},"inLanguage":"tr","potentialAction":[{"@type":"ReadAction","target":["https:\/\/www.ibisizmir.com\/tr\/odalar-suitler\/standart-2-ayri-yatakli-oda\/"]}]},{"@type":"BreadcrumbList","@id":"https:\/\/www.ibisizmir.com\/tr\/odalar-suitler\/standart-2-ayri-yatakli-oda\/#breadcrumb","itemListElement":[{"@type":"ListItem","position":1,"name":"Home","item":"https:\/\/www.ibisizmir.com\/tr\/"},{"@type":"ListItem","position":2,"name":"Odalar &#038; Suitler","item":"https:\/\/www.ibisizmir.com\/tr\/our-rooms\/"},{"@type":"ListItem","position":3,"name":"Standart, 2 ayr\u0131 yatakl\u0131 oda"}]},{"@type":"WebSite","@id":"https:\/\/www.ibisizmir.com\/#website","url":"https:\/\/www.ibisizmir.com\/","name":"Ibis Izmir Alsancak","description":"","potentialAction":[{"@type":"SearchAction","target":{"@type":"EntryPoint","urlTemplate":"https:\/\/www.ibisizmir.com\/?s={search_term_string}"},"query-input":{"@type":"PropertyValueSpecification","valueRequired":true,"valueName":"search_term_string"}}],"inLanguage":"tr"}]}},"_links":{"self":[{"href":"https:\/\/www.ibisizmir.com\/tr\/wp-json\/wp\/v2\/pages\/34","targetHints":{"allow":["GET"]}}],"collection":[{"href":"https:\/\/www.ibisizmir.com\/tr\/wp-json\/wp\/v2\/pages"}],"about":[{"href":"https:\/\/www.ibisizmir.com\/tr\/wp-json\/wp\/v2\/types\/page"}],"author":[{"embeddable":true,"href":"https:\/\/www.ibisizmir.com\/tr\/wp-json\/wp\/v2\/users\/3"}],"replies":[{"embeddable":true,"href":"https:\/\/www.ibisizmir.com\/tr\/wp-json\/wp\/v2\/comments?post=34"}],"version-history":[{"count":0,"href":"https:\/\/www.ibisizmir.com\/tr\/wp-json\/wp\/v2\/pages\/34\/revisions"}],"up":[{"embeddable":true,"href":"https:\/\/www.ibisizmir.com\/tr\/wp-json\/wp\/v2\/pages\/22"}],"wp:attachment":[{"href":"https:\/\/www.ibisizmir.com\/tr\/wp-json\/wp\/v2\/media?parent=34"}],"wp:term":[{"taxonomy":"category","embeddable":true,"href":"https:\/\/www.ibisizmir.com\/tr\/wp-json\/wp\/v2\/categories?post=34"}],"curies":[{"name":"wp","href":"https:\/\/api.w.org\/{rel}","templated":true}]}}