{"id":365,"date":"2025-08-01T12:59:47","date_gmt":"2025-08-01T12:59:47","guid":{"rendered":"https:\/\/www.ibisizmir.com\/?page_id=365"},"modified":"2025-08-01T13:03:26","modified_gmt":"2025-08-01T13:03:26","slug":"safe-hotels","status":"publish","type":"page","link":"https:\/\/www.ibisizmir.com\/tr\/safe-hotels\/","title":{"rendered":"Safe Hotels"},"content":{"rendered":"<h1 data-start=\"238\" data-end=\"296\"><strong data-start=\"238\" data-end=\"294\">IBIS IZMIR ALSANCAK, SAFEHOTELS PREMIUM SERTIFIKALI!<\/strong><\/h1>\n<p data-start=\"298\" data-end=\"504\">Misafirlerimizin g\u00fcvenli\u011fi ve konforu her zaman \u00f6nceli\u011fimiz!<br data-start=\"358\" data-end=\"361\" \/>Ibis \u0130zmir Alsancak olarak, uluslararas\u0131 g\u00fcvenlik standartlar\u0131n\u0131 ba\u015far\u0131yla kar\u015f\u0131layarak <strong data-start=\"449\" data-end=\"483\">Safehotels Premium Sertifikas\u0131<\/strong> almaya hak kazand\u0131k.<\/p>\n<p data-start=\"506\" data-end=\"796\">Bu sertifika, otelimizde konaklayan misafirlerimizin yang\u0131n g\u00fcvenli\u011fi, acil durum y\u00f6netimi, personel e\u011fitimi ve g\u00fcvenlik protokolleri gibi alanlarda y\u00fcksek standartlarla korundu\u011funu belgelemektedir.<br data-start=\"704\" data-end=\"707\" \/>G\u00fcvenli, konforlu ve huzurlu bir konaklama i\u00e7in sizleri Ibis \u0130zmir Alsancak\u2019a bekliyoruz!<\/p>\n<p data-start=\"506\" data-end=\"796\"><a href=\"https:\/\/www.ibisizmir.com\/wp-content\/uploads\/sites\/61\/2025\/08\/safe-cert-safe-hotels-ibis-izmir-alsancak-312-ibis-izmir-alsancak-june-2026.pdf\" target=\"_blank\" rel=\"noopener\">Sertifikam\u0131z\u0131 t\u0131klayarak inceleyebilirsiniz.<\/a><\/p>\n","protected":false},"excerpt":{"rendered":"<p>IBIS IZMIR ALSANCAK, SAFEHOTELS PREMIUM SERTIFIKALI! Misafirlerimizin g\u00fcvenli\u011fi ve konforu her zaman \u00f6nceli\u011fimiz!Ibis \u0130zmir Alsancak olarak, uluslararas\u0131 g\u00fcvenlik standartlar\u0131n\u0131 ba\u015far\u0131yla kar\u015f\u0131layarak Safehotels Premium Sertifikas\u0131 almaya hak kazand\u0131k. Bu sertifika, otelimizde konaklayan misafirlerimizin yang\u0131n g\u00fcvenli\u011fi, acil durum y\u00f6netimi, personel e\u011fitimi ve g\u00fcvenlik protokolleri gibi alanlarda y\u00fcksek standartlarla korundu\u011funu belgelemektedir.G\u00fcvenli, konforlu ve huzurlu bir konaklama i\u00e7in sizleri [&hellip;]<\/p>\n","protected":false},"author":95,"featured_media":359,"parent":0,"menu_order":0,"comment_status":"closed","ping_status":"closed","template":"","meta":{"footnotes":""},"categories":[],"class_list":["post-365","page","type-page","status-publish","has-post-thumbnail","hentry"],"acf":[],"yoast_head":"<!-- This site is optimized with the Yoast SEO plugin v26.9 - https:\/\/yoast.com\/product\/yoast-seo-wordpress\/ -->\n<title>Safe Hotels &#8211; Ibis Izmir Alsancak &#8211;<\/title>\n<meta name=\"description\" content=\"IBIS IZMIR ALSANCAK, SAFEHOTELS PREMIUM SERTIFIKALI! Misafirlerimizin g\u00fcvenli\u011fi ve konforu her zaman \u00f6nceli\u011fimiz!Ibis \u0130zmir Alsancak olarak, uluslararas\u0131 g\u00fcvenlik standartlar\u0131n\u0131 ba\u015far\u0131yla kar\u015f\u0131layarak Safehotels Premium Sertifikas\u0131 almaya hak kazand\u0131k. Bu sertifika, otelimizde konaklayan misafirlerimizin yang\u0131n g\u00fcvenli\u011fi, acil durum y\u00f6netimi, personel e\u011fitimi ve g\u00fcvenlik protokolleri gibi alanlarda y\u00fcksek standartlarla korundu\u011funu belgelemektedir.G\u00fcvenli, konforlu ve huzurlu bir konaklama i\u00e7in sizleri Ibis \u0130zmir Alsancak\u2019a bekliyoruz! Sertifikam\u0131z\u0131 t\u0131klayarak inceleyebilirsiniz..\" \/>\n<meta name=\"robots\" content=\"index, follow, max-snippet:-1, max-image-preview:large, max-video-preview:-1\" \/>\n<link rel=\"canonical\" href=\"https:\/\/www.ibisizmir.com\/tr\/safe-hotels\/\" \/>\n<meta property=\"og:locale\" content=\"tr_TR\" \/>\n<meta property=\"og:type\" content=\"article\" \/>\n<meta property=\"og:title\" content=\"Safe Hotels &#8211; Ibis Izmir Alsancak &#8211;\" \/>\n<meta property=\"og:description\" content=\"IBIS IZMIR ALSANCAK, SAFEHOTELS PREMIUM SERTIFIKALI! Misafirlerimizin g\u00fcvenli\u011fi ve konforu her zaman \u00f6nceli\u011fimiz!Ibis \u0130zmir Alsancak olarak, uluslararas\u0131 g\u00fcvenlik standartlar\u0131n\u0131 ba\u015far\u0131yla kar\u015f\u0131layarak Safehotels Premium Sertifikas\u0131 almaya hak kazand\u0131k. Bu sertifika, otelimizde konaklayan misafirlerimizin yang\u0131n g\u00fcvenli\u011fi, acil durum y\u00f6netimi, personel e\u011fitimi ve g\u00fcvenlik protokolleri gibi alanlarda y\u00fcksek standartlarla korundu\u011funu belgelemektedir.G\u00fcvenli, konforlu ve huzurlu bir konaklama i\u00e7in sizleri Ibis \u0130zmir Alsancak\u2019a bekliyoruz! Sertifikam\u0131z\u0131 t\u0131klayarak inceleyebilirsiniz..\" \/>\n<meta property=\"og:url\" content=\"https:\/\/www.ibisizmir.com\/tr\/safe-hotels\/\" \/>\n<meta property=\"og:site_name\" content=\"Ibis Izmir Alsancak\" \/>\n<meta property=\"article:modified_time\" content=\"2025-08-01T13:03:26+00:00\" \/>\n<meta property=\"og:image\" content=\"https:\/\/www.ibisizmir.com\/wp-content\/uploads\/sites\/61\/2025\/08\/hotel-cert-level-badge-premium.png\" \/>\n\t<meta property=\"og:image:width\" content=\"480\" \/>\n\t<meta property=\"og:image:height\" content=\"480\" \/>\n\t<meta property=\"og:image:type\" content=\"image\/png\" \/>\n<meta name=\"twitter:card\" content=\"summary_large_image\" \/>\n<meta name=\"twitter:label1\" content=\"Tahmini okuma s\u00fcresi\" \/>\n\t<meta name=\"twitter:data1\" content=\"1 dakika\" \/>\n<script type=\"application\/ld+json\" class=\"yoast-schema-graph\">{\"@context\":\"https:\/\/schema.org\",\"@graph\":[{\"@type\":\"WebPage\",\"@id\":\"https:\/\/www.ibisizmir.com\/tr\/safe-hotels\/\",\"url\":\"https:\/\/www.ibisizmir.com\/tr\/safe-hotels\/\",\"name\":\"Safe Hotels &#8211; Ibis Izmir Alsancak &#8211;\",\"isPartOf\":{\"@id\":\"https:\/\/www.ibisizmir.com\/#website\"},\"primaryImageOfPage\":{\"@id\":\"https:\/\/www.ibisizmir.com\/tr\/safe-hotels\/#primaryimage\"},\"image\":{\"@id\":\"https:\/\/www.ibisizmir.com\/tr\/safe-hotels\/#primaryimage\"},\"thumbnailUrl\":\"https:\/\/www.ibisizmir.com\/wp-content\/uploads\/sites\/61\/2025\/08\/hotel-cert-level-badge-premium.png\",\"datePublished\":\"2025-08-01T12:59:47+00:00\",\"dateModified\":\"2025-08-01T13:03:26+00:00\",\"description\":\"IBIS IZMIR ALSANCAK, SAFEHOTELS PREMIUM SERTIFIKALI! Misafirlerimizin g\u00fcvenli\u011fi ve konforu her zaman \u00f6nceli\u011fimiz!Ibis \u0130zmir Alsancak olarak, uluslararas\u0131 g\u00fcvenlik standartlar\u0131n\u0131 ba\u015far\u0131yla kar\u015f\u0131layarak Safehotels Premium Sertifikas\u0131 almaya hak kazand\u0131k. Bu sertifika, otelimizde konaklayan misafirlerimizin yang\u0131n g\u00fcvenli\u011fi, acil durum y\u00f6netimi, personel e\u011fitimi ve g\u00fcvenlik protokolleri gibi alanlarda y\u00fcksek standartlarla korundu\u011funu belgelemektedir.G\u00fcvenli, konforlu ve huzurlu bir konaklama i\u00e7in sizleri Ibis \u0130zmir Alsancak\u2019a bekliyoruz! Sertifikam\u0131z\u0131 t\u0131klayarak inceleyebilirsiniz. .\",\"breadcrumb\":{\"@id\":\"https:\/\/www.ibisizmir.com\/tr\/safe-hotels\/#breadcrumb\"},\"inLanguage\":\"tr\",\"potentialAction\":[{\"@type\":\"ReadAction\",\"target\":[\"https:\/\/www.ibisizmir.com\/tr\/safe-hotels\/\"]}]},{\"@type\":\"ImageObject\",\"inLanguage\":\"tr\",\"@id\":\"https:\/\/www.ibisizmir.com\/tr\/safe-hotels\/#primaryimage\",\"url\":\"https:\/\/www.ibisizmir.com\/wp-content\/uploads\/sites\/61\/2025\/08\/hotel-cert-level-badge-premium.png\",\"contentUrl\":\"https:\/\/www.ibisizmir.com\/wp-content\/uploads\/sites\/61\/2025\/08\/hotel-cert-level-badge-premium.png\",\"width\":480,\"height\":480,\"caption\":\"safe hotels certificate\"},{\"@type\":\"BreadcrumbList\",\"@id\":\"https:\/\/www.ibisizmir.com\/tr\/safe-hotels\/#breadcrumb\",\"itemListElement\":[{\"@type\":\"ListItem\",\"position\":1,\"name\":\"Home\",\"item\":\"https:\/\/www.ibisizmir.com\/tr\/\"},{\"@type\":\"ListItem\",\"position\":2,\"name\":\"Safe Hotels\"}]},{\"@type\":\"WebSite\",\"@id\":\"https:\/\/www.ibisizmir.com\/#website\",\"url\":\"https:\/\/www.ibisizmir.com\/\",\"name\":\"Ibis Izmir Alsancak\",\"description\":\"\",\"potentialAction\":[{\"@type\":\"SearchAction\",\"target\":{\"@type\":\"EntryPoint\",\"urlTemplate\":\"https:\/\/www.ibisizmir.com\/?s={search_term_string}\"},\"query-input\":{\"@type\":\"PropertyValueSpecification\",\"valueRequired\":true,\"valueName\":\"search_term_string\"}}],\"inLanguage\":\"tr\"}]}<\/script>\n<!-- \/ Yoast SEO plugin. -->","yoast_head_json":{"title":"Safe Hotels &#8211; Ibis Izmir Alsancak &#8211;","description":"IBIS IZMIR ALSANCAK, SAFEHOTELS PREMIUM SERTIFIKALI! Misafirlerimizin g\u00fcvenli\u011fi ve konforu her zaman \u00f6nceli\u011fimiz!Ibis \u0130zmir Alsancak olarak, uluslararas\u0131 g\u00fcvenlik standartlar\u0131n\u0131 ba\u015far\u0131yla kar\u015f\u0131layarak Safehotels Premium Sertifikas\u0131 almaya hak kazand\u0131k. Bu sertifika, otelimizde konaklayan misafirlerimizin yang\u0131n g\u00fcvenli\u011fi, acil durum y\u00f6netimi, personel e\u011fitimi ve g\u00fcvenlik protokolleri gibi alanlarda y\u00fcksek standartlarla korundu\u011funu belgelemektedir.G\u00fcvenli, konforlu ve huzurlu bir konaklama i\u00e7in sizleri Ibis \u0130zmir Alsancak\u2019a bekliyoruz! Sertifikam\u0131z\u0131 t\u0131klayarak inceleyebilirsiniz..","robots":{"index":"index","follow":"follow","max-snippet":"max-snippet:-1","max-image-preview":"max-image-preview:large","max-video-preview":"max-video-preview:-1"},"canonical":"https:\/\/www.ibisizmir.com\/tr\/safe-hotels\/","og_locale":"tr_TR","og_type":"article","og_title":"Safe Hotels &#8211; Ibis Izmir Alsancak &#8211;","og_description":"IBIS IZMIR ALSANCAK, SAFEHOTELS PREMIUM SERTIFIKALI! Misafirlerimizin g\u00fcvenli\u011fi ve konforu her zaman \u00f6nceli\u011fimiz!Ibis \u0130zmir Alsancak olarak, uluslararas\u0131 g\u00fcvenlik standartlar\u0131n\u0131 ba\u015far\u0131yla kar\u015f\u0131layarak Safehotels Premium Sertifikas\u0131 almaya hak kazand\u0131k. Bu sertifika, otelimizde konaklayan misafirlerimizin yang\u0131n g\u00fcvenli\u011fi, acil durum y\u00f6netimi, personel e\u011fitimi ve g\u00fcvenlik protokolleri gibi alanlarda y\u00fcksek standartlarla korundu\u011funu belgelemektedir.G\u00fcvenli, konforlu ve huzurlu bir konaklama i\u00e7in sizleri Ibis \u0130zmir Alsancak\u2019a bekliyoruz! Sertifikam\u0131z\u0131 t\u0131klayarak inceleyebilirsiniz..","og_url":"https:\/\/www.ibisizmir.com\/tr\/safe-hotels\/","og_site_name":"Ibis Izmir Alsancak","article_modified_time":"2025-08-01T13:03:26+00:00","og_image":[{"width":480,"height":480,"url":"https:\/\/www.ibisizmir.com\/wp-content\/uploads\/sites\/61\/2025\/08\/hotel-cert-level-badge-premium.png","type":"image\/png"}],"twitter_card":"summary_large_image","twitter_misc":{"Tahmini okuma s\u00fcresi":"1 dakika"},"schema":{"@context":"https:\/\/schema.org","@graph":[{"@type":"WebPage","@id":"https:\/\/www.ibisizmir.com\/tr\/safe-hotels\/","url":"https:\/\/www.ibisizmir.com\/tr\/safe-hotels\/","name":"Safe Hotels &#8211; Ibis Izmir Alsancak &#8211;","isPartOf":{"@id":"https:\/\/www.ibisizmir.com\/#website"},"primaryImageOfPage":{"@id":"https:\/\/www.ibisizmir.com\/tr\/safe-hotels\/#primaryimage"},"image":{"@id":"https:\/\/www.ibisizmir.com\/tr\/safe-hotels\/#primaryimage"},"thumbnailUrl":"https:\/\/www.ibisizmir.com\/wp-content\/uploads\/sites\/61\/2025\/08\/hotel-cert-level-badge-premium.png","datePublished":"2025-08-01T12:59:47+00:00","dateModified":"2025-08-01T13:03:26+00:00","description":"IBIS IZMIR ALSANCAK, SAFEHOTELS PREMIUM SERTIFIKALI! Misafirlerimizin g\u00fcvenli\u011fi ve konforu her zaman \u00f6nceli\u011fimiz!Ibis \u0130zmir Alsancak olarak, uluslararas\u0131 g\u00fcvenlik standartlar\u0131n\u0131 ba\u015far\u0131yla kar\u015f\u0131layarak Safehotels Premium Sertifikas\u0131 almaya hak kazand\u0131k. Bu sertifika, otelimizde konaklayan misafirlerimizin yang\u0131n g\u00fcvenli\u011fi, acil durum y\u00f6netimi, personel e\u011fitimi ve g\u00fcvenlik protokolleri gibi alanlarda y\u00fcksek standartlarla korundu\u011funu belgelemektedir.G\u00fcvenli, konforlu ve huzurlu bir konaklama i\u00e7in sizleri Ibis \u0130zmir Alsancak\u2019a bekliyoruz! Sertifikam\u0131z\u0131 t\u0131klayarak inceleyebilirsiniz. .","breadcrumb":{"@id":"https:\/\/www.ibisizmir.com\/tr\/safe-hotels\/#breadcrumb"},"inLanguage":"tr","potentialAction":[{"@type":"ReadAction","target":["https:\/\/www.ibisizmir.com\/tr\/safe-hotels\/"]}]},{"@type":"ImageObject","inLanguage":"tr","@id":"https:\/\/www.ibisizmir.com\/tr\/safe-hotels\/#primaryimage","url":"https:\/\/www.ibisizmir.com\/wp-content\/uploads\/sites\/61\/2025\/08\/hotel-cert-level-badge-premium.png","contentUrl":"https:\/\/www.ibisizmir.com\/wp-content\/uploads\/sites\/61\/2025\/08\/hotel-cert-level-badge-premium.png","width":480,"height":480,"caption":"safe hotels certificate"},{"@type":"BreadcrumbList","@id":"https:\/\/www.ibisizmir.com\/tr\/safe-hotels\/#breadcrumb","itemListElement":[{"@type":"ListItem","position":1,"name":"Home","item":"https:\/\/www.ibisizmir.com\/tr\/"},{"@type":"ListItem","position":2,"name":"Safe Hotels"}]},{"@type":"WebSite","@id":"https:\/\/www.ibisizmir.com\/#website","url":"https:\/\/www.ibisizmir.com\/","name":"Ibis Izmir Alsancak","description":"","potentialAction":[{"@type":"SearchAction","target":{"@type":"EntryPoint","urlTemplate":"https:\/\/www.ibisizmir.com\/?s={search_term_string}"},"query-input":{"@type":"PropertyValueSpecification","valueRequired":true,"valueName":"search_term_string"}}],"inLanguage":"tr"}]}},"_links":{"self":[{"href":"https:\/\/www.ibisizmir.com\/tr\/wp-json\/wp\/v2\/pages\/365","targetHints":{"allow":["GET"]}}],"collection":[{"href":"https:\/\/www.ibisizmir.com\/tr\/wp-json\/wp\/v2\/pages"}],"about":[{"href":"https:\/\/www.ibisizmir.com\/tr\/wp-json\/wp\/v2\/types\/page"}],"author":[{"embeddable":true,"href":"https:\/\/www.ibisizmir.com\/tr\/wp-json\/wp\/v2\/users\/95"}],"replies":[{"embeddable":true,"href":"https:\/\/www.ibisizmir.com\/tr\/wp-json\/wp\/v2\/comments?post=365"}],"version-history":[{"count":0,"href":"https:\/\/www.ibisizmir.com\/tr\/wp-json\/wp\/v2\/pages\/365\/revisions"}],"wp:featuredmedia":[{"embeddable":true,"href":"https:\/\/www.ibisizmir.com\/tr\/wp-json\/wp\/v2\/media\/359"}],"wp:attachment":[{"href":"https:\/\/www.ibisizmir.com\/tr\/wp-json\/wp\/v2\/media?parent=365"}],"wp:term":[{"taxonomy":"category","embeddable":true,"href":"https:\/\/www.ibisizmir.com\/tr\/wp-json\/wp\/v2\/categories?post=365"}],"curies":[{"name":"wp","href":"https:\/\/api.w.org\/{rel}","templated":true}]}}