{"id":4,"date":"2023-09-25T07:53:33","date_gmt":"2023-09-25T07:53:33","guid":{"rendered":"https:\/\/ibis-izmir-alsancak.accorv2prod.decms.eu\/?page_id=4"},"modified":"2024-10-02T11:10:11","modified_gmt":"2024-10-02T11:10:11","slug":"ibis-izmir-alsancak","status":"publish","type":"page","link":"https:\/\/www.ibisizmir.com\/tr\/","title":{"rendered":"Ibis Izmir Alsancak"},"content":{"rendered":"<p>Ege sahilinin incisi, Ibis \u0130zmir Alsancak&#8217;\u0131n sundu\u011fu uygun fiyatl\u0131 konaklama ile b\u00fcy\u00fcl\u00fcyor. Modern odalar, rahat yataklar, LCD TV, zarif bir \u015fekilde tasarlanm\u0131\u015f banyo, \u00e7ay ve kahve olanaklar\u0131 ile konuklar\u0131n t\u00fcm ihtiya\u00e7lar\u0131 kar\u015f\u0131lanmaktad\u0131r. \u00c7ok \u00e7e\u015fitli mevsimsel yemekler, taze bal\u0131k ve T\u00fcrk lezzetleriyle i\u015ftah a\u00e7\u0131c\u0131 a\u00e7\u0131k b\u00fcfe kahvalt\u0131 ve \u00f6\u011fle yeme\u011fi. Otel, i\u015f ve seminerler gibi \u00f6zel g\u00fcnler i\u00e7in sundu\u011fu profesyonel hizmet ile \u0130zmir&#8217;deki konaklama olanaklar\u0131ndan ayr\u0131l\u0131r.<\/p>\n<p>\u0130zmir Otogar\u0131&#8217;na 7 km, Adnan Menderes Havaliman\u0131&#8217;na 31 km, Alsancak \u0130zban Tren \u0130stasyonu&#8217;na ise 50 m mesafede bulunan otel, merkezi konumu ile ula\u015f\u0131m a\u00e7\u0131s\u0131ndan b\u00fcy\u00fck kolayl\u0131k sunar. Konak R\u0131ht\u0131m\u0131, m\u00fczeler, kafeler ve restoranlarla hem yerliler hem de gezginler i\u00e7in sosyal bulu\u015fma noktalar\u0131 sunar. \u00dcnl\u00fc Pasaport R\u0131ht\u0131m\u0131nda K\u00f6rfez meltemini hissedersiniz ve Kemeralt\u0131 Pazar\u0131 al\u0131\u015fveri\u015f merakl\u0131lar\u0131n\u0131 bekler.<\/p>\n<p>\u0130bis \u0130zmir Otel&#8217;den \u00e7e\u015fitli etkinliklerin d\u00fczenlendi\u011fi G\u00fcndo\u011fdu Meydan\u0131&#8217;na gidebilir, tarihi dokusunu koruyan Gazi Kad\u0131nlar Soka\u011f\u0131&#8217;n\u0131 ve \u0130zmir Atat\u00fcrk M\u00fczesi&#8217;ni ziyaret edebilirsiniz.<\/p>\n<p><strong>Ibis \u0130zmir Alsancak Otel: Fuar \u0130zmir\u2019e Yak\u0131n Konforlu Konaklama Se\u00e7ene\u011fi<\/strong><\/p>\n<p>\u0130zmir&#8217;in canl\u0131 Alsancak semtinin kalbinde yer alan <strong>Ibis \u0130zmir Alsancak Otel<\/strong>, Fuar \u0130zmir\u2019e yak\u0131nl\u0131\u011f\u0131yla i\u015f ve fuar ziyaret\u00e7ilerinin ilk tercihi oluyor. Modern olanaklar sunan otelimiz, <strong>Fuar \u0130zmir<\/strong>&#8216;de d\u00fczenlenen b\u00fcy\u00fck etkinlikler ve ticaret fuarlar\u0131 s\u0131ras\u0131nda konaklamak i\u00e7in m\u00fckemmel bir se\u00e7enek olarak \u00f6ne \u00e7\u0131k\u0131yor. \u0130zmir Enternasyonal Fuar\u0131 ya da di\u011fer i\u015f toplant\u0131lar\u0131 ve etkinlikler i\u00e7in Fuar \u0130zmir&#8217;e gelen misafirler, mekan\u0131n hemen yak\u0131n\u0131nda olman\u0131n rahatl\u0131\u011f\u0131n\u0131 ya\u015fayacaklar.<\/p>\n<p><strong>Ibis \u0130zmir Alsancak<\/strong>, <strong>Fuar \u0130zmir<\/strong>&#8216;e y\u00fcr\u00fcme mesafesinde olup, ula\u015f\u0131m kolayl\u0131\u011f\u0131 da sunmaktad\u0131r. \u0130zmir Adnan Menderes Havaliman\u0131&#8217;ndan Fuar \u0130zmir\u2019e do\u011frudan ula\u015f\u0131m imkan\u0131 sunan otelimiz, hem i\u015f seyahati yapanlar hem de fuar kat\u0131l\u0131mc\u0131lar\u0131 i\u00e7in pratik ve konforlu bir \u00e7\u00f6z\u00fcm sunar.<\/p>\n<p>\u015eehri ke\u015ffetmek isteyen misafirlerimiz, <strong>Fuar \u0130zmir<\/strong>&#8216;e yak\u0131n otelimizden Kordon Boyu, Alsancak \u0130skelesi ve Konak Meydan\u0131 gibi turistik yerlere kolayca ula\u015fabilirler. Fuar \u0130zmir&#8217;deki etkinliklerin ard\u0131ndan, Alsancak\u2019\u0131n canl\u0131 sosyal hayat\u0131n\u0131 ke\u015ffetmek ya da sahil boyunca keyifli bir y\u00fcr\u00fcy\u00fc\u015f yapmak i\u00e7in otelimiz m\u00fckemmel bir ba\u015flang\u0131\u00e7 noktas\u0131d\u0131r.<\/p>\n<p><strong>Fuar \u0130zmir<\/strong> yak\u0131nlar\u0131ndaki otel aray\u0131\u015f\u0131n\u0131zda, <strong>Ibis \u0130zmir Alsancak<\/strong> sizlere hem i\u015f hem de tatil i\u00e7in konforlu ve pratik bir konaklama deneyimi sunar.<\/p>\n","protected":false},"excerpt":{"rendered":"<p>Ege sahilinin incisi, Ibis \u0130zmir Alsancak&#8217;\u0131n sundu\u011fu uygun fiyatl\u0131 konaklama ile b\u00fcy\u00fcl\u00fcyor. Modern odalar, rahat yataklar, LCD TV, zarif bir \u015fekilde tasarlanm\u0131\u015f banyo, \u00e7ay ve kahve olanaklar\u0131 ile konuklar\u0131n t\u00fcm ihtiya\u00e7lar\u0131 kar\u015f\u0131lanmaktad\u0131r. \u00c7ok \u00e7e\u015fitli mevsimsel yemekler, taze bal\u0131k ve T\u00fcrk lezzetleriyle i\u015ftah a\u00e7\u0131c\u0131 a\u00e7\u0131k b\u00fcfe kahvalt\u0131 ve \u00f6\u011fle yeme\u011fi. Otel, i\u015f ve seminerler gibi \u00f6zel [&hellip;]<\/p>\n","protected":false},"author":3,"featured_media":0,"parent":0,"menu_order":0,"comment_status":"closed","ping_status":"closed","template":"","meta":{"footnotes":""},"categories":[],"class_list":["post-4","page","type-page","status-publish","hentry"],"acf":[],"yoast_head":"<!-- This site is optimized with the Yoast SEO plugin v26.9 - https:\/\/yoast.com\/product\/yoast-seo-wordpress\/ -->\n<title>Ibis Izmir Alsancak &#8211; Ibis Izmir Alsancak &#8211;<\/title>\n<meta name=\"description\" content=\"Ege sahilinin incisi, Ibis \u0130zmir Alsancak&#039;\u0131n sundu\u011fu uygun fiyatl\u0131 konaklama ile b\u00fcy\u00fcl\u00fcyor. Modern odalar, rahat yataklar, LCD TV, zarif bir \u015fekilde tasarlanm\u0131\u015f banyo, \u00e7ay ve kahve olanaklar\u0131 ile konuklar\u0131n t\u00fcm ihtiya\u00e7lar\u0131 kar\u015f\u0131lanmaktad\u0131r\" \/>\n<meta name=\"robots\" content=\"index, follow, max-snippet:-1, max-image-preview:large, max-video-preview:-1\" \/>\n<link rel=\"canonical\" href=\"https:\/\/www.ibisizmir.com\/tr\/\" \/>\n<meta property=\"og:locale\" content=\"tr_TR\" \/>\n<meta property=\"og:type\" content=\"article\" \/>\n<meta property=\"og:title\" content=\"Ibis Izmir Alsancak &#8211; Ibis Izmir Alsancak &#8211;\" \/>\n<meta property=\"og:description\" content=\"Ege sahilinin incisi, Ibis \u0130zmir Alsancak&#039;\u0131n sundu\u011fu uygun fiyatl\u0131 konaklama ile b\u00fcy\u00fcl\u00fcyor. Modern odalar, rahat yataklar, LCD TV, zarif bir \u015fekilde tasarlanm\u0131\u015f banyo, \u00e7ay ve kahve olanaklar\u0131 ile konuklar\u0131n t\u00fcm ihtiya\u00e7lar\u0131 kar\u015f\u0131lanmaktad\u0131r\" \/>\n<meta property=\"og:url\" content=\"https:\/\/www.ibisizmir.com\/tr\/\" \/>\n<meta property=\"og:site_name\" content=\"Ibis Izmir Alsancak\" \/>\n<meta property=\"article:modified_time\" content=\"2024-10-02T11:10:11+00:00\" \/>\n<meta property=\"og:image\" content=\"https:\/\/www.ibisizmir.com\/wp-content\/uploads\/sites\/61\/2023\/09\/ibis_izmir_home_slide02.jpg\" \/>\n\t<meta property=\"og:image:width\" content=\"2200\" \/>\n\t<meta property=\"og:image:height\" content=\"1200\" \/>\n\t<meta property=\"og:image:type\" content=\"image\/jpeg\" \/>\n<meta name=\"twitter:card\" content=\"summary_large_image\" \/>\n<meta name=\"twitter:label1\" content=\"Tahmini okuma s\u00fcresi\" \/>\n\t<meta name=\"twitter:data1\" content=\"2 dakika\" \/>\n<script type=\"application\/ld+json\" class=\"yoast-schema-graph\">{\"@context\":\"https:\/\/schema.org\",\"@graph\":[{\"@type\":\"WebPage\",\"@id\":\"https:\/\/www.ibisizmir.com\/tr\/\",\"url\":\"https:\/\/www.ibisizmir.com\/tr\/\",\"name\":\"Ibis Izmir Alsancak &#8211; Ibis Izmir Alsancak &#8211;\",\"isPartOf\":{\"@id\":\"https:\/\/www.ibisizmir.com\/#website\"},\"datePublished\":\"2023-09-25T07:53:33+00:00\",\"dateModified\":\"2024-10-02T11:10:11+00:00\",\"description\":\"Ege sahilinin incisi, Ibis \u0130zmir Alsancak'\u0131n sundu\u011fu uygun fiyatl\u0131 konaklama ile b\u00fcy\u00fcl\u00fcyor. Modern odalar, rahat yataklar, LCD TV, zarif bir \u015fekilde tasarlanm\u0131\u015f banyo, \u00e7ay ve kahve olanaklar\u0131 ile konuklar\u0131n t\u00fcm ihtiya\u00e7lar\u0131 kar\u015f\u0131lanmaktad\u0131r\",\"breadcrumb\":{\"@id\":\"https:\/\/www.ibisizmir.com\/tr\/#breadcrumb\"},\"inLanguage\":\"tr\",\"potentialAction\":[{\"@type\":\"ReadAction\",\"target\":[\"https:\/\/www.ibisizmir.com\/tr\/\"]}]},{\"@type\":\"BreadcrumbList\",\"@id\":\"https:\/\/www.ibisizmir.com\/tr\/#breadcrumb\",\"itemListElement\":[{\"@type\":\"ListItem\",\"position\":1,\"name\":\"Home\",\"item\":\"https:\/\/www.ibisizmir.com\/tr\/\"},{\"@type\":\"ListItem\",\"position\":2,\"name\":\"Ibis Izmir Alsancak\"}]},{\"@type\":\"WebSite\",\"@id\":\"https:\/\/www.ibisizmir.com\/#website\",\"url\":\"https:\/\/www.ibisizmir.com\/\",\"name\":\"Ibis Izmir Alsancak\",\"description\":\"\",\"potentialAction\":[{\"@type\":\"SearchAction\",\"target\":{\"@type\":\"EntryPoint\",\"urlTemplate\":\"https:\/\/www.ibisizmir.com\/?s={search_term_string}\"},\"query-input\":{\"@type\":\"PropertyValueSpecification\",\"valueRequired\":true,\"valueName\":\"search_term_string\"}}],\"inLanguage\":\"tr\"}]}<\/script>\n<!-- \/ Yoast SEO plugin. -->","yoast_head_json":{"title":"Ibis Izmir Alsancak &#8211; Ibis Izmir Alsancak &#8211;","description":"Ege sahilinin incisi, Ibis \u0130zmir Alsancak'\u0131n sundu\u011fu uygun fiyatl\u0131 konaklama ile b\u00fcy\u00fcl\u00fcyor. Modern odalar, rahat yataklar, LCD TV, zarif bir \u015fekilde tasarlanm\u0131\u015f banyo, \u00e7ay ve kahve olanaklar\u0131 ile konuklar\u0131n t\u00fcm ihtiya\u00e7lar\u0131 kar\u015f\u0131lanmaktad\u0131r","robots":{"index":"index","follow":"follow","max-snippet":"max-snippet:-1","max-image-preview":"max-image-preview:large","max-video-preview":"max-video-preview:-1"},"canonical":"https:\/\/www.ibisizmir.com\/tr\/","og_locale":"tr_TR","og_type":"article","og_title":"Ibis Izmir Alsancak &#8211; Ibis Izmir Alsancak &#8211;","og_description":"Ege sahilinin incisi, Ibis \u0130zmir Alsancak'\u0131n sundu\u011fu uygun fiyatl\u0131 konaklama ile b\u00fcy\u00fcl\u00fcyor. Modern odalar, rahat yataklar, LCD TV, zarif bir \u015fekilde tasarlanm\u0131\u015f banyo, \u00e7ay ve kahve olanaklar\u0131 ile konuklar\u0131n t\u00fcm ihtiya\u00e7lar\u0131 kar\u015f\u0131lanmaktad\u0131r","og_url":"https:\/\/www.ibisizmir.com\/tr\/","og_site_name":"Ibis Izmir Alsancak","article_modified_time":"2024-10-02T11:10:11+00:00","og_image":[{"width":2200,"height":1200,"url":"https:\/\/www.ibisizmir.com\/wp-content\/uploads\/sites\/61\/2023\/09\/ibis_izmir_home_slide02.jpg","type":"image\/jpeg"}],"twitter_card":"summary_large_image","twitter_misc":{"Tahmini okuma s\u00fcresi":"2 dakika"},"schema":{"@context":"https:\/\/schema.org","@graph":[{"@type":"WebPage","@id":"https:\/\/www.ibisizmir.com\/tr\/","url":"https:\/\/www.ibisizmir.com\/tr\/","name":"Ibis Izmir Alsancak &#8211; Ibis Izmir Alsancak &#8211;","isPartOf":{"@id":"https:\/\/www.ibisizmir.com\/#website"},"datePublished":"2023-09-25T07:53:33+00:00","dateModified":"2024-10-02T11:10:11+00:00","description":"Ege sahilinin incisi, Ibis \u0130zmir Alsancak'\u0131n sundu\u011fu uygun fiyatl\u0131 konaklama ile b\u00fcy\u00fcl\u00fcyor. Modern odalar, rahat yataklar, LCD TV, zarif bir \u015fekilde tasarlanm\u0131\u015f banyo, \u00e7ay ve kahve olanaklar\u0131 ile konuklar\u0131n t\u00fcm ihtiya\u00e7lar\u0131 kar\u015f\u0131lanmaktad\u0131r","breadcrumb":{"@id":"https:\/\/www.ibisizmir.com\/tr\/#breadcrumb"},"inLanguage":"tr","potentialAction":[{"@type":"ReadAction","target":["https:\/\/www.ibisizmir.com\/tr\/"]}]},{"@type":"BreadcrumbList","@id":"https:\/\/www.ibisizmir.com\/tr\/#breadcrumb","itemListElement":[{"@type":"ListItem","position":1,"name":"Home","item":"https:\/\/www.ibisizmir.com\/tr\/"},{"@type":"ListItem","position":2,"name":"Ibis Izmir Alsancak"}]},{"@type":"WebSite","@id":"https:\/\/www.ibisizmir.com\/#website","url":"https:\/\/www.ibisizmir.com\/","name":"Ibis Izmir Alsancak","description":"","potentialAction":[{"@type":"SearchAction","target":{"@type":"EntryPoint","urlTemplate":"https:\/\/www.ibisizmir.com\/?s={search_term_string}"},"query-input":{"@type":"PropertyValueSpecification","valueRequired":true,"valueName":"search_term_string"}}],"inLanguage":"tr"}]}},"_links":{"self":[{"href":"https:\/\/www.ibisizmir.com\/tr\/wp-json\/wp\/v2\/pages\/4","targetHints":{"allow":["GET"]}}],"collection":[{"href":"https:\/\/www.ibisizmir.com\/tr\/wp-json\/wp\/v2\/pages"}],"about":[{"href":"https:\/\/www.ibisizmir.com\/tr\/wp-json\/wp\/v2\/types\/page"}],"author":[{"embeddable":true,"href":"https:\/\/www.ibisizmir.com\/tr\/wp-json\/wp\/v2\/users\/3"}],"replies":[{"embeddable":true,"href":"https:\/\/www.ibisizmir.com\/tr\/wp-json\/wp\/v2\/comments?post=4"}],"version-history":[{"count":0,"href":"https:\/\/www.ibisizmir.com\/tr\/wp-json\/wp\/v2\/pages\/4\/revisions"}],"wp:attachment":[{"href":"https:\/\/www.ibisizmir.com\/tr\/wp-json\/wp\/v2\/media?parent=4"}],"wp:term":[{"taxonomy":"category","embeddable":true,"href":"https:\/\/www.ibisizmir.com\/tr\/wp-json\/wp\/v2\/categories?post=4"}],"curies":[{"name":"wp","href":"https:\/\/api.w.org\/{rel}","templated":true}]}}