{"id":87,"date":"2023-09-27T07:54:01","date_gmt":"2023-09-27T07:54:01","guid":{"rendered":"https:\/\/ibis-izmir-alsancak.accorv2prod.decms.eu\/?page_id=87"},"modified":"2023-09-27T08:06:38","modified_gmt":"2023-09-27T08:06:38","slug":"lokasyon","status":"publish","type":"page","link":"https:\/\/www.ibisizmir.com\/tr\/lokasyon\/","title":{"rendered":"Lokasyon"},"content":{"rendered":"<p>\u0130zmir Otogar\u0131&#8217;na 7 km, Adnan Menderes Havaliman\u0131&#8217;na 31 km, Alsancak \u0130zban Tren \u0130stasyonu&#8217;na ise 50 m mesafede bulunan otel, merkezi konumu ile ula\u015f\u0131m a\u00e7\u0131s\u0131ndan b\u00fcy\u00fck kolayl\u0131k sunar. Konak R\u0131ht\u0131m\u0131, m\u00fczeler, kafeler ve restoranlarla hem yerliler hem de gezginler i\u00e7in sosyal bulu\u015fma noktalar\u0131 sunar. \u00dcnl\u00fc Pasaport R\u0131ht\u0131m\u0131nda K\u00f6rfez meltemini hissedersiniz ve Kemeralt\u0131 Pazar\u0131 al\u0131\u015fveri\u015f merakl\u0131lar\u0131n\u0131 bekler.<\/p>\n","protected":false},"excerpt":{"rendered":"<p>\u0130zmir Otogar\u0131&#8217;na 7 km, Adnan Menderes Havaliman\u0131&#8217;na 31 km, Alsancak \u0130zban Tren \u0130stasyonu&#8217;na ise 50 m mesafede bulunan otel, merkezi konumu ile ula\u015f\u0131m a\u00e7\u0131s\u0131ndan b\u00fcy\u00fck kolayl\u0131k sunar. Konak R\u0131ht\u0131m\u0131, m\u00fczeler, kafeler ve restoranlarla hem yerliler hem de gezginler i\u00e7in sosyal bulu\u015fma noktalar\u0131 sunar. \u00dcnl\u00fc Pasaport R\u0131ht\u0131m\u0131nda K\u00f6rfez meltemini hissedersiniz ve Kemeralt\u0131 Pazar\u0131 al\u0131\u015fveri\u015f merakl\u0131lar\u0131n\u0131 bekler.<\/p>\n","protected":false},"author":3,"featured_media":0,"parent":0,"menu_order":30,"comment_status":"closed","ping_status":"closed","template":"template-location.php","meta":{"footnotes":""},"categories":[],"class_list":["post-87","page","type-page","status-publish","hentry"],"acf":[],"yoast_head":"<!-- This site is optimized with the Yoast SEO plugin v26.9 - https:\/\/yoast.com\/product\/yoast-seo-wordpress\/ -->\n<title>Lokasyon - Ibis Izmir Alsancak<\/title>\n<meta name=\"description\" content=\"Merkezi konumu, metro ve havaliman\u0131na yak\u0131nl\u0131\u011f\u0131 ile \u00f6ne \u00e7\u0131kan Ibis Izmir, tatil beldelerine de 45 dakika uzakl\u0131ktad\u0131r.\" \/>\n<meta name=\"robots\" content=\"index, follow, max-snippet:-1, max-image-preview:large, max-video-preview:-1\" \/>\n<link rel=\"canonical\" href=\"https:\/\/www.ibisizmir.com\/tr\/lokasyon\/\" \/>\n<meta property=\"og:locale\" content=\"tr_TR\" \/>\n<meta property=\"og:type\" content=\"article\" \/>\n<meta property=\"og:title\" content=\"Lokasyon - Ibis Izmir Alsancak\" \/>\n<meta property=\"og:description\" content=\"Merkezi konumu, metro ve havaliman\u0131na yak\u0131nl\u0131\u011f\u0131 ile \u00f6ne \u00e7\u0131kan Ibis Izmir, tatil beldelerine de 45 dakika uzakl\u0131ktad\u0131r.\" \/>\n<meta property=\"og:url\" content=\"https:\/\/www.ibisizmir.com\/tr\/lokasyon\/\" \/>\n<meta property=\"og:site_name\" content=\"Ibis Izmir Alsancak\" \/>\n<meta property=\"article:modified_time\" content=\"2023-09-27T08:06:38+00:00\" \/>\n<meta property=\"og:image\" content=\"https:\/\/www.ibisizmir.com\/wp-content\/uploads\/sites\/61\/2023\/09\/ibis_izmir_home_slide02.jpg\" \/>\n\t<meta property=\"og:image:width\" content=\"2200\" \/>\n\t<meta property=\"og:image:height\" content=\"1200\" \/>\n\t<meta property=\"og:image:type\" content=\"image\/jpeg\" \/>\n<meta name=\"twitter:card\" content=\"summary_large_image\" \/>\n<meta name=\"twitter:label1\" content=\"Tahmini okuma s\u00fcresi\" \/>\n\t<meta name=\"twitter:data1\" content=\"1 dakika\" \/>\n<script type=\"application\/ld+json\" class=\"yoast-schema-graph\">{\"@context\":\"https:\/\/schema.org\",\"@graph\":[{\"@type\":\"WebPage\",\"@id\":\"https:\/\/www.ibisizmir.com\/tr\/lokasyon\/\",\"url\":\"https:\/\/www.ibisizmir.com\/tr\/lokasyon\/\",\"name\":\"Lokasyon - Ibis Izmir Alsancak\",\"isPartOf\":{\"@id\":\"https:\/\/www.ibisizmir.com\/#website\"},\"datePublished\":\"2023-09-27T07:54:01+00:00\",\"dateModified\":\"2023-09-27T08:06:38+00:00\",\"description\":\"Merkezi konumu, metro ve havaliman\u0131na yak\u0131nl\u0131\u011f\u0131 ile \u00f6ne \u00e7\u0131kan Ibis Izmir, tatil beldelerine de 45 dakika uzakl\u0131ktad\u0131r.\",\"breadcrumb\":{\"@id\":\"https:\/\/www.ibisizmir.com\/tr\/lokasyon\/#breadcrumb\"},\"inLanguage\":\"tr\",\"potentialAction\":[{\"@type\":\"ReadAction\",\"target\":[\"https:\/\/www.ibisizmir.com\/tr\/lokasyon\/\"]}]},{\"@type\":\"BreadcrumbList\",\"@id\":\"https:\/\/www.ibisizmir.com\/tr\/lokasyon\/#breadcrumb\",\"itemListElement\":[{\"@type\":\"ListItem\",\"position\":1,\"name\":\"Home\",\"item\":\"https:\/\/www.ibisizmir.com\/tr\/\"},{\"@type\":\"ListItem\",\"position\":2,\"name\":\"Lokasyon\"}]},{\"@type\":\"WebSite\",\"@id\":\"https:\/\/www.ibisizmir.com\/#website\",\"url\":\"https:\/\/www.ibisizmir.com\/\",\"name\":\"Ibis Izmir Alsancak\",\"description\":\"\",\"potentialAction\":[{\"@type\":\"SearchAction\",\"target\":{\"@type\":\"EntryPoint\",\"urlTemplate\":\"https:\/\/www.ibisizmir.com\/?s={search_term_string}\"},\"query-input\":{\"@type\":\"PropertyValueSpecification\",\"valueRequired\":true,\"valueName\":\"search_term_string\"}}],\"inLanguage\":\"tr\"}]}<\/script>\n<!-- \/ Yoast SEO plugin. -->","yoast_head_json":{"title":"Lokasyon - Ibis Izmir Alsancak","description":"Merkezi konumu, metro ve havaliman\u0131na yak\u0131nl\u0131\u011f\u0131 ile \u00f6ne \u00e7\u0131kan Ibis Izmir, tatil beldelerine de 45 dakika uzakl\u0131ktad\u0131r.","robots":{"index":"index","follow":"follow","max-snippet":"max-snippet:-1","max-image-preview":"max-image-preview:large","max-video-preview":"max-video-preview:-1"},"canonical":"https:\/\/www.ibisizmir.com\/tr\/lokasyon\/","og_locale":"tr_TR","og_type":"article","og_title":"Lokasyon - Ibis Izmir Alsancak","og_description":"Merkezi konumu, metro ve havaliman\u0131na yak\u0131nl\u0131\u011f\u0131 ile \u00f6ne \u00e7\u0131kan Ibis Izmir, tatil beldelerine de 45 dakika uzakl\u0131ktad\u0131r.","og_url":"https:\/\/www.ibisizmir.com\/tr\/lokasyon\/","og_site_name":"Ibis Izmir Alsancak","article_modified_time":"2023-09-27T08:06:38+00:00","og_image":[{"width":2200,"height":1200,"url":"https:\/\/www.ibisizmir.com\/wp-content\/uploads\/sites\/61\/2023\/09\/ibis_izmir_home_slide02.jpg","type":"image\/jpeg"}],"twitter_card":"summary_large_image","twitter_misc":{"Tahmini okuma s\u00fcresi":"1 dakika"},"schema":{"@context":"https:\/\/schema.org","@graph":[{"@type":"WebPage","@id":"https:\/\/www.ibisizmir.com\/tr\/lokasyon\/","url":"https:\/\/www.ibisizmir.com\/tr\/lokasyon\/","name":"Lokasyon - Ibis Izmir Alsancak","isPartOf":{"@id":"https:\/\/www.ibisizmir.com\/#website"},"datePublished":"2023-09-27T07:54:01+00:00","dateModified":"2023-09-27T08:06:38+00:00","description":"Merkezi konumu, metro ve havaliman\u0131na yak\u0131nl\u0131\u011f\u0131 ile \u00f6ne \u00e7\u0131kan Ibis Izmir, tatil beldelerine de 45 dakika uzakl\u0131ktad\u0131r.","breadcrumb":{"@id":"https:\/\/www.ibisizmir.com\/tr\/lokasyon\/#breadcrumb"},"inLanguage":"tr","potentialAction":[{"@type":"ReadAction","target":["https:\/\/www.ibisizmir.com\/tr\/lokasyon\/"]}]},{"@type":"BreadcrumbList","@id":"https:\/\/www.ibisizmir.com\/tr\/lokasyon\/#breadcrumb","itemListElement":[{"@type":"ListItem","position":1,"name":"Home","item":"https:\/\/www.ibisizmir.com\/tr\/"},{"@type":"ListItem","position":2,"name":"Lokasyon"}]},{"@type":"WebSite","@id":"https:\/\/www.ibisizmir.com\/#website","url":"https:\/\/www.ibisizmir.com\/","name":"Ibis Izmir Alsancak","description":"","potentialAction":[{"@type":"SearchAction","target":{"@type":"EntryPoint","urlTemplate":"https:\/\/www.ibisizmir.com\/?s={search_term_string}"},"query-input":{"@type":"PropertyValueSpecification","valueRequired":true,"valueName":"search_term_string"}}],"inLanguage":"tr"}]}},"_links":{"self":[{"href":"https:\/\/www.ibisizmir.com\/tr\/wp-json\/wp\/v2\/pages\/87","targetHints":{"allow":["GET"]}}],"collection":[{"href":"https:\/\/www.ibisizmir.com\/tr\/wp-json\/wp\/v2\/pages"}],"about":[{"href":"https:\/\/www.ibisizmir.com\/tr\/wp-json\/wp\/v2\/types\/page"}],"author":[{"embeddable":true,"href":"https:\/\/www.ibisizmir.com\/tr\/wp-json\/wp\/v2\/users\/3"}],"replies":[{"embeddable":true,"href":"https:\/\/www.ibisizmir.com\/tr\/wp-json\/wp\/v2\/comments?post=87"}],"version-history":[{"count":0,"href":"https:\/\/www.ibisizmir.com\/tr\/wp-json\/wp\/v2\/pages\/87\/revisions"}],"wp:attachment":[{"href":"https:\/\/www.ibisizmir.com\/tr\/wp-json\/wp\/v2\/media?parent=87"}],"wp:term":[{"taxonomy":"category","embeddable":true,"href":"https:\/\/www.ibisizmir.com\/tr\/wp-json\/wp\/v2\/categories?post=87"}],"curies":[{"name":"wp","href":"https:\/\/api.w.org\/{rel}","templated":true}]}}